{"id":1362,"date":"2026-03-20T08:29:37","date_gmt":"2026-03-20T08:29:37","guid":{"rendered":"https:\/\/mosqisafe.ict.ninja\/contact\/"},"modified":"2026-04-03T12:04:44","modified_gmt":"2026-04-03T12:04:44","slug":"contact","status":"publish","type":"page","link":"https:\/\/mosqisafe.com\/fr\/contact\/","title":{"rendered":"Contact"},"content":{"rendered":"\t\t<div data-elementor-type=\"wp-page\" data-elementor-id=\"1362\" class=\"elementor elementor-1362 elementor-622\" data-elementor-post-type=\"page\">\n\t\t\t\t<div class=\"elementor-element elementor-element-f25d1a5 e-flex e-con-boxed e-con e-parent\" data-id=\"f25d1a5\" data-element_type=\"container\" data-e-type=\"container\" data-settings=\"{&quot;background_background&quot;:&quot;classic&quot;}\">\n\t\t\t\t\t<div class=\"e-con-inner\">\n\t\t<div class=\"elementor-element elementor-element-8e53b15 e-con-full e-flex e-con e-child\" data-id=\"8e53b15\" data-element_type=\"container\" data-e-type=\"container\" data-settings=\"{&quot;background_background&quot;:&quot;classic&quot;}\">\n\t\t<div class=\"elementor-element elementor-element-24b0e4f e-con-full e-flex e-con e-child\" data-id=\"24b0e4f\" data-element_type=\"container\" data-e-type=\"container\">\n\t\t\t\t<div class=\"elementor-element elementor-element-70a1700 elementor-widget elementor-widget-heading\" data-id=\"70a1700\" data-element_type=\"widget\" data-e-type=\"widget\" data-widget_type=\"heading.default\">\n\t\t\t\t\t<h2 class=\"elementor-heading-title elementor-size-default\">Contactez-nous<\/h2>\t\t\t\t<\/div>\n\t\t\t\t<div class=\"elementor-element elementor-element-b42767f elementor-widget elementor-widget-shortcode\" data-id=\"b42767f\" data-element_type=\"widget\" data-e-type=\"widget\" data-widget_type=\"shortcode.default\">\n\t\t\t\t\t\t\t<div class=\"elementor-shortcode\">\n<div class=\"wpcf7 no-js\" id=\"wpcf7-f1379-o1\" lang=\"fr-FR\" dir=\"ltr\" data-wpcf7-id=\"1379\">\n<div class=\"screen-reader-response\"><p role=\"status\" aria-live=\"polite\" aria-atomic=\"true\"><\/p> <ul><\/ul><\/div>\n<form action=\"\/fr\/wp-json\/wp\/v2\/pages\/1362#wpcf7-f1379-o1\" method=\"post\" class=\"wpcf7-form init\" aria-label=\"Formulaire de contact\" novalidate=\"novalidate\" data-status=\"init\">\n<fieldset class=\"hidden-fields-container\"><input type=\"hidden\" name=\"_wpcf7\" value=\"1379\" \/><input type=\"hidden\" name=\"_wpcf7_version\" value=\"6.1.5\" \/><input type=\"hidden\" name=\"_wpcf7_locale\" value=\"fr_FR\" \/><input type=\"hidden\" name=\"_wpcf7_unit_tag\" value=\"wpcf7-f1379-o1\" \/><input type=\"hidden\" name=\"_wpcf7_container_post\" value=\"0\" \/><input type=\"hidden\" name=\"_wpcf7_posted_data_hash\" value=\"\" \/><input type=\"hidden\" name=\"_wpcf7_recaptcha_response\" value=\"\" \/>\n<\/fieldset>\n<div class=\"uacf7-form-wrapper-container uacf7-form-1379  \"><div class=\"uacf7-row\">\n    <div class=\"uacf7-col-6\">\n        <label>  Nom*  <span class=\"wpcf7-form-control-wrap\" data-name=\"naam\"><input size=\"40\" maxlength=\"400\" class=\"wpcf7-form-control wpcf7-text wpcf7-validates-as-required\" aria-required=\"true\" aria-invalid=\"false\" value=\"\" type=\"text\" name=\"naam\" \/><\/span> <\/label>\n    <\/div>\n    <div class=\"uacf7-col-6\">\n        <label>  Pr\u00e9nom*  <span class=\"wpcf7-form-control-wrap\" data-name=\"voornaam\"><input size=\"40\" maxlength=\"400\" class=\"wpcf7-form-control wpcf7-text wpcf7-validates-as-required\" aria-required=\"true\" aria-invalid=\"false\" value=\"\" type=\"text\" name=\"voornaam\" \/><\/span> <\/label>\n    <\/div>\n<\/div>\n\n<div class=\"uacf7-row\">\n    <div class=\"uacf7-col-6\"> <label>Adresse e-mail*  <span class=\"wpcf7-form-control-wrap\" data-name=\"email\"><input size=\"40\" maxlength=\"400\" class=\"wpcf7-form-control wpcf7-email wpcf7-validates-as-required wpcf7-text wpcf7-validates-as-email\" autocomplete=\"email\" aria-required=\"true\" aria-invalid=\"false\" value=\"\" type=\"email\" name=\"email\" \/><\/span><\/label>  <\/div>\n    <div class=\"uacf7-col-6\"> <label>  Ville*  <span class=\"wpcf7-form-control-wrap\" data-name=\"plaats\"><input size=\"40\" maxlength=\"400\" class=\"wpcf7-form-control wpcf7-text wpcf7-validates-as-required\" aria-required=\"true\" aria-invalid=\"false\" value=\"\" type=\"text\" name=\"plaats\" \/><\/span> <\/label> <\/div>\n<\/div>\n\n<div class=\"uacf7-row\">\n    <div class=\"uacf7-col-6\">\n        <label>  Professionnel ou particulier* <span class=\"wpcf7-form-control-wrap\" data-name=\"professioneel-particulier\"><select class=\"wpcf7-form-control wpcf7-select wpcf7-validates-as-required\" aria-required=\"true\" aria-invalid=\"false\" name=\"professioneel-particulier\"><option value=\"Faites votre choix\" selected=\"selected\">Faites votre choix<\/option><option value=\"professionnel\">professionnel<\/option><option value=\"particulier\">particulier<\/option><\/select><\/span> <\/label>\n    <\/div>\n    <div class=\"uacf7-col-6\">\n        <label>  Num\u00e9ro de t\u00e9l\u00e9phone*  <span class=\"wpcf7-form-control-wrap\" data-name=\"tel\"><input size=\"40\" maxlength=\"400\" class=\"wpcf7-form-control wpcf7-tel wpcf7-validates-as-required wpcf7-text wpcf7-validates-as-tel\" autocomplete=\"tel\" aria-required=\"true\" aria-invalid=\"false\" value=\"\" type=\"tel\" name=\"tel\" \/><\/span> <\/label>\n    <\/div>\n<\/div>\n\n<div class=\"uacf7-row\">\n   <div class=\"uacf7-col-12\"> <label>  Message*  <span class=\"wpcf7-form-control-wrap\" data-name=\"bericht\"><textarea cols=\"40\" rows=\"10\" maxlength=\"2000\" class=\"wpcf7-form-control wpcf7-textarea wpcf7-validates-as-required\" aria-required=\"true\" aria-invalid=\"false\" name=\"bericht\"><\/textarea><\/span><\/label> <\/div>\n<\/div>\n\n<input class=\"wpcf7-form-control wpcf7-submit has-spinner\" type=\"submit\" value=\"Envoyer\" \/><\/div><div class=\"wpcf7-response-output\" aria-hidden=\"true\"><\/div>\n<\/form>\n<\/div>\n<\/div>\n\t\t\t\t\t\t<\/div>\n\t\t\t\t<\/div>\n\t\t<div class=\"elementor-element elementor-element-d36b884 e-con-full elementor-hidden-tablet elementor-hidden-mobile e-flex e-con e-child\" data-id=\"d36b884\" data-element_type=\"container\" data-e-type=\"container\" data-settings=\"{&quot;background_background&quot;:&quot;classic&quot;}\">\n\t\t\t\t<\/div>\n\t\t\t\t<\/div>\n\t\t\t\t\t<\/div>\n\t\t\t\t<\/div>\n\t\t\t\t<\/div>\n\t\t","protected":false},"excerpt":{"rendered":"<p>Contactez-nous<\/p>\n","protected":false},"author":2,"featured_media":0,"parent":0,"menu_order":0,"comment_status":"closed","ping_status":"closed","template":"","meta":{"footnotes":""},"class_list":["post-1362","page","type-page","status-publish","hentry"],"yoast_head":"<!-- This site is optimized with the Yoast SEO plugin v27.4 - https:\/\/yoast.com\/product\/yoast-seo-wordpress\/ -->\n<title>Contactez-nous - MosqiSafe<\/title>\n<meta name=\"description\" content=\"Prends contact avec MosqiSafe pour toute question, support ou conseil. Remplis le formulaire de contact et nous t\u2019aiderons rapidement.\" \/>\n<meta name=\"robots\" content=\"index, follow, max-snippet:-1, max-image-preview:large, max-video-preview:-1\" \/>\n<link rel=\"canonical\" href=\"https:\/\/mosqisafe.com\/contact\/\" \/>\n<meta property=\"og:locale\" content=\"fr_FR\" \/>\n<meta property=\"og:type\" content=\"article\" \/>\n<meta property=\"og:title\" content=\"Contactez-nous - MosqiSafe\" \/>\n<meta property=\"og:description\" content=\"Prends contact avec MosqiSafe pour toute question, support ou conseil. Remplis le formulaire de contact et nous t\u2019aiderons rapidement.\" \/>\n<meta property=\"og:url\" content=\"https:\/\/mosqisafe.com\/contact\/\" \/>\n<meta property=\"og:site_name\" content=\"Mosqisafe\" \/>\n<meta property=\"article:modified_time\" content=\"2026-04-03T12:04:44+00:00\" \/>\n<meta name=\"twitter:card\" content=\"summary_large_image\" \/>\n<script type=\"application\/ld+json\" class=\"yoast-schema-graph\">{\"@context\":\"https:\\\/\\\/schema.org\",\"@graph\":[{\"@type\":\"WebPage\",\"@id\":\"https:\\\/\\\/mosqisafe.com\\\/contact\\\/\",\"url\":\"https:\\\/\\\/mosqisafe.com\\\/contact\\\/\",\"name\":\"Contactez-nous - MosqiSafe\",\"isPartOf\":{\"@id\":\"https:\\\/\\\/mosqisafe.com\\\/#website\"},\"datePublished\":\"2026-03-20T08:29:37+00:00\",\"dateModified\":\"2026-04-03T12:04:44+00:00\",\"description\":\"Prends contact avec MosqiSafe pour toute question, support ou conseil. Remplis le formulaire de contact et nous t\u2019aiderons rapidement.\",\"breadcrumb\":{\"@id\":\"https:\\\/\\\/mosqisafe.com\\\/contact\\\/#breadcrumb\"},\"inLanguage\":\"fr-FR\",\"potentialAction\":[{\"@type\":\"ReadAction\",\"target\":[\"https:\\\/\\\/mosqisafe.com\\\/contact\\\/\"]}]},{\"@type\":\"BreadcrumbList\",\"@id\":\"https:\\\/\\\/mosqisafe.com\\\/contact\\\/#breadcrumb\",\"itemListElement\":[{\"@type\":\"ListItem\",\"position\":1,\"name\":\"Home\",\"item\":\"https:\\\/\\\/mosqisafe.com\\\/fr\\\/\"},{\"@type\":\"ListItem\",\"position\":2,\"name\":\"Contact\"}]},{\"@type\":\"WebSite\",\"@id\":\"https:\\\/\\\/mosqisafe.com\\\/#website\",\"url\":\"https:\\\/\\\/mosqisafe.com\\\/\",\"name\":\"Mosqisafe\",\"description\":\"\",\"publisher\":{\"@id\":\"https:\\\/\\\/mosqisafe.com\\\/#organization\"},\"potentialAction\":[{\"@type\":\"SearchAction\",\"target\":{\"@type\":\"EntryPoint\",\"urlTemplate\":\"https:\\\/\\\/mosqisafe.com\\\/?s={search_term_string}\"},\"query-input\":{\"@type\":\"PropertyValueSpecification\",\"valueRequired\":true,\"valueName\":\"search_term_string\"}}],\"inLanguage\":\"fr-FR\"},{\"@type\":\"Organization\",\"@id\":\"https:\\\/\\\/mosqisafe.com\\\/#organization\",\"name\":\"Mosqisafe\",\"url\":\"https:\\\/\\\/mosqisafe.com\\\/\",\"logo\":{\"@type\":\"ImageObject\",\"inLanguage\":\"fr-FR\",\"@id\":\"https:\\\/\\\/mosqisafe.com\\\/#\\\/schema\\\/logo\\\/image\\\/\",\"url\":\"https:\\\/\\\/mosqisafe.com\\\/wp-content\\\/uploads\\\/2026\\\/03\\\/mosqisafe-WIT-e1774006870607.webp\",\"contentUrl\":\"https:\\\/\\\/mosqisafe.com\\\/wp-content\\\/uploads\\\/2026\\\/03\\\/mosqisafe-WIT-e1774006870607.webp\",\"width\":1160,\"height\":242,\"caption\":\"Mosqisafe\"},\"image\":{\"@id\":\"https:\\\/\\\/mosqisafe.com\\\/#\\\/schema\\\/logo\\\/image\\\/\"}}]}<\/script>\n<!-- \/ Yoast SEO plugin. -->","yoast_head_json":{"title":"Contactez-nous - MosqiSafe","description":"Prends contact avec MosqiSafe pour toute question, support ou conseil. Remplis le formulaire de contact et nous t\u2019aiderons rapidement.","robots":{"index":"index","follow":"follow","max-snippet":"max-snippet:-1","max-image-preview":"max-image-preview:large","max-video-preview":"max-video-preview:-1"},"canonical":"https:\/\/mosqisafe.com\/contact\/","og_locale":"fr_FR","og_type":"article","og_title":"Contactez-nous - MosqiSafe","og_description":"Prends contact avec MosqiSafe pour toute question, support ou conseil. Remplis le formulaire de contact et nous t\u2019aiderons rapidement.","og_url":"https:\/\/mosqisafe.com\/contact\/","og_site_name":"Mosqisafe","article_modified_time":"2026-04-03T12:04:44+00:00","twitter_card":"summary_large_image","schema":{"@context":"https:\/\/schema.org","@graph":[{"@type":"WebPage","@id":"https:\/\/mosqisafe.com\/contact\/","url":"https:\/\/mosqisafe.com\/contact\/","name":"Contactez-nous - MosqiSafe","isPartOf":{"@id":"https:\/\/mosqisafe.com\/#website"},"datePublished":"2026-03-20T08:29:37+00:00","dateModified":"2026-04-03T12:04:44+00:00","description":"Prends contact avec MosqiSafe pour toute question, support ou conseil. Remplis le formulaire de contact et nous t\u2019aiderons rapidement.","breadcrumb":{"@id":"https:\/\/mosqisafe.com\/contact\/#breadcrumb"},"inLanguage":"fr-FR","potentialAction":[{"@type":"ReadAction","target":["https:\/\/mosqisafe.com\/contact\/"]}]},{"@type":"BreadcrumbList","@id":"https:\/\/mosqisafe.com\/contact\/#breadcrumb","itemListElement":[{"@type":"ListItem","position":1,"name":"Home","item":"https:\/\/mosqisafe.com\/fr\/"},{"@type":"ListItem","position":2,"name":"Contact"}]},{"@type":"WebSite","@id":"https:\/\/mosqisafe.com\/#website","url":"https:\/\/mosqisafe.com\/","name":"Mosqisafe","description":"","publisher":{"@id":"https:\/\/mosqisafe.com\/#organization"},"potentialAction":[{"@type":"SearchAction","target":{"@type":"EntryPoint","urlTemplate":"https:\/\/mosqisafe.com\/?s={search_term_string}"},"query-input":{"@type":"PropertyValueSpecification","valueRequired":true,"valueName":"search_term_string"}}],"inLanguage":"fr-FR"},{"@type":"Organization","@id":"https:\/\/mosqisafe.com\/#organization","name":"Mosqisafe","url":"https:\/\/mosqisafe.com\/","logo":{"@type":"ImageObject","inLanguage":"fr-FR","@id":"https:\/\/mosqisafe.com\/#\/schema\/logo\/image\/","url":"https:\/\/mosqisafe.com\/wp-content\/uploads\/2026\/03\/mosqisafe-WIT-e1774006870607.webp","contentUrl":"https:\/\/mosqisafe.com\/wp-content\/uploads\/2026\/03\/mosqisafe-WIT-e1774006870607.webp","width":1160,"height":242,"caption":"Mosqisafe"},"image":{"@id":"https:\/\/mosqisafe.com\/#\/schema\/logo\/image\/"}}]}},"_links":{"self":[{"href":"https:\/\/mosqisafe.com\/fr\/wp-json\/wp\/v2\/pages\/1362","targetHints":{"allow":["GET"]}}],"collection":[{"href":"https:\/\/mosqisafe.com\/fr\/wp-json\/wp\/v2\/pages"}],"about":[{"href":"https:\/\/mosqisafe.com\/fr\/wp-json\/wp\/v2\/types\/page"}],"author":[{"embeddable":true,"href":"https:\/\/mosqisafe.com\/fr\/wp-json\/wp\/v2\/users\/2"}],"replies":[{"embeddable":true,"href":"https:\/\/mosqisafe.com\/fr\/wp-json\/wp\/v2\/comments?post=1362"}],"version-history":[{"count":4,"href":"https:\/\/mosqisafe.com\/fr\/wp-json\/wp\/v2\/pages\/1362\/revisions"}],"predecessor-version":[{"id":1480,"href":"https:\/\/mosqisafe.com\/fr\/wp-json\/wp\/v2\/pages\/1362\/revisions\/1480"}],"wp:attachment":[{"href":"https:\/\/mosqisafe.com\/fr\/wp-json\/wp\/v2\/media?parent=1362"}],"curies":[{"name":"wp","href":"https:\/\/api.w.org\/{rel}","templated":true}]}}